{"id":1856,"date":"2025-07-09T10:32:06","date_gmt":"2025-07-09T08:32:06","guid":{"rendered":"https:\/\/ormanasgarden.se\/the-mill-village\/"},"modified":"2025-07-10T08:38:58","modified_gmt":"2025-07-10T06:38:58","slug":"the-mill-village","status":"publish","type":"page","link":"https:\/\/ormanas.se\/en\/the-mill-village\/","title":{"rendered":"The mill village"},"content":{"rendered":"\t\t<div data-elementor-type=\"wp-page\" data-elementor-id=\"1856\" class=\"elementor elementor-1856\" data-elementor-post-type=\"page\">\n\t\t\t\t<div class=\"elementor-element elementor-element-b05ce1f e-con-full e-flex e-con e-parent\" data-id=\"b05ce1f\" data-element_type=\"container\" data-e-type=\"container\">\n\t\t<div class=\"elementor-element elementor-element-37386a2 e-con-full e-flex e-con e-child\" data-id=\"37386a2\" data-element_type=\"container\" data-e-type=\"container\" data-settings=\"{&quot;background_background&quot;:&quot;classic&quot;}\">\n\t\t\t\t<\/div>\n\t\t<div class=\"elementor-element elementor-element-b51cab8 e-con-full e-flex e-con e-child\" data-id=\"b51cab8\" data-element_type=\"container\" data-e-type=\"container\">\n\t\t<div class=\"elementor-element elementor-element-7278950 e-con-full e-flex e-con e-child\" data-id=\"7278950\" data-element_type=\"container\" data-e-type=\"container\">\n\t\t\t\t<div class=\"elementor-element elementor-element-82b2f88 elementor-widget elementor-widget-heading\" data-id=\"82b2f88\" data-element_type=\"widget\" data-e-type=\"widget\" data-widget_type=\"heading.default\">\n\t\t\t\t<div class=\"elementor-widget-container\">\n\t\t\t\t\t<h2 class=\"elementor-heading-title elementor-size-default\">Welcome to Kvarnbyn at Orman\u00e4sg\u00e5rden!<\/h2>\t\t\t\t<\/div>\n\t\t\t\t<\/div>\n\t\t\t\t<div class=\"elementor-element elementor-element-841f58e elementor-widget__width-initial elementor-widget elementor-widget-text-editor\" data-id=\"841f58e\" data-element_type=\"widget\" data-e-type=\"widget\" data-widget_type=\"text-editor.default\">\n\t\t\t\t<div class=\"elementor-widget-container\">\n\t\t\t\t\t\t\t\t\t<p><em>Newly built cottages with lake views and plenty of space<\/em><\/p><p>Two of our four planned cottages are now ready &#8211; 40 well-planned square meters with room for six people. Here you live in two separate bedrooms with comfortable beds, an open living room with sofa bed, kitchen and dining area and bathroom with shower and toilet. <\/p><p>The cottages are beautifully situated on the hill overlooking the lake, in the middle of the Scanian landscape.  <\/p><p>Here you will have time to land. Hike in the surroundings, cook dinner in peace and enjoy the evening sun on the terrace. Final cleaning is included, so when it&#8217;s time to move on, just close the door behind you.  <\/p><p>Book directly here via our website or via Airbnb &#8211; prices vary depending on the season. Welcome to Kvarnby &#8211; newly built, close to nature and ready for you. <\/p>\t\t\t\t\t\t\t\t<\/div>\n\t\t\t\t<\/div>\n\t\t<div class=\"elementor-element elementor-element-355a115 e-con-full e-flex e-con e-child\" data-id=\"355a115\" data-element_type=\"container\" data-e-type=\"container\">\n\t\t\t\t<div class=\"elementor-element elementor-element-adba949 elementor-widget elementor-widget-button\" data-id=\"adba949\" data-element_type=\"widget\" data-e-type=\"widget\" data-widget_type=\"button.default\">\n\t\t\t\t<div class=\"elementor-widget-container\">\n\t\t\t\t\t\t\t\t\t<div class=\"elementor-button-wrapper\">\n\t\t\t\t\t<a class=\"elementor-button elementor-button-link elementor-size-sm elementor-animation-grow\" href=\"https:\/\/ormanas.se\/en\/book\/\">\n\t\t\t\t\t\t<span class=\"elementor-button-content-wrapper\">\n\t\t\t\t\t\t\t\t\t<span class=\"elementor-button-text\">Book a cottage &gt;&gt;<\/span>\n\t\t\t\t\t<\/span>\n\t\t\t\t\t<\/a>\n\t\t\t\t<\/div>\n\t\t\t\t\t\t\t\t<\/div>\n\t\t\t\t<\/div>\n\t\t\t\t<\/div>\n\t\t\t\t<\/div>\n\t\t<div class=\"elementor-element elementor-element-fbc365f e-con-full e-flex e-con e-child\" data-id=\"fbc365f\" data-element_type=\"container\" data-e-type=\"container\" data-settings=\"{&quot;background_background&quot;:&quot;classic&quot;}\">\n\t\t\t\t<\/div>\n\t\t\t\t<\/div>\n\t\t<div class=\"elementor-element elementor-element-d202155 e-con-full e-flex e-con e-child\" data-id=\"d202155\" data-element_type=\"container\" data-e-type=\"container\">\n\t\t\t\t<div class=\"elementor-element elementor-element-572beaf elementor-widget__width-initial elementor-skin-carousel elementor-arrows-yes elementor-widget elementor-widget-media-carousel\" data-id=\"572beaf\" data-element_type=\"widget\" data-e-type=\"widget\" data-settings=\"{&quot;slides_per_view&quot;:&quot;2&quot;,&quot;space_between&quot;:{&quot;unit&quot;:&quot;px&quot;,&quot;size&quot;:15,&quot;sizes&quot;:[]},&quot;skin&quot;:&quot;carousel&quot;,&quot;effect&quot;:&quot;slide&quot;,&quot;show_arrows&quot;:&quot;yes&quot;,&quot;speed&quot;:500,&quot;loop&quot;:&quot;yes&quot;,&quot;space_between_tablet&quot;:{&quot;unit&quot;:&quot;px&quot;,&quot;size&quot;:10,&quot;sizes&quot;:[]},&quot;space_between_mobile&quot;:{&quot;unit&quot;:&quot;px&quot;,&quot;size&quot;:10,&quot;sizes&quot;:[]}}\" data-widget_type=\"media-carousel.default\">\n\t\t\t\t<div class=\"elementor-widget-container\">\n\t\t\t\t\t\t\t\t\t<div class=\"elementor-swiper\">\n\t\t\t\t\t<div class=\"elementor-main-swiper swiper\" role=\"region\" aria-roledescription=\"carousel\" aria-label=\"Bildspel\">\n\t\t\t\t<div class=\"swiper-wrapper\">\n\t\t\t\t\t\t\t\t\t\t\t<div class=\"swiper-slide\" role=\"group\" aria-roledescription=\"slide\">\n\t\t\t\t\t\t\t\t\t<div class=\"elementor-carousel-image\" role=\"img\" aria-label=\"Kvarnbyn webb-1935\" style=\"background-image: url(&#039;https:\/\/ormanas.se\/wp-content\/uploads\/2025\/07\/Kvarnbyn-webb-1935.jpg&#039;)\">\n\n\t\t\t\n\t\t\t\t\t<\/div>\n\t\t\t\t\t\t\t\t<\/div>\n\t\t\t\t\t\t\t\t\t\t\t<div class=\"swiper-slide\" role=\"group\" aria-roledescription=\"slide\">\n\t\t\t\t\t\t\t\t\t<div class=\"elementor-carousel-image\" role=\"img\" aria-label=\"Kvarnbyn webb-1994\" style=\"background-image: url(&#039;https:\/\/ormanas.se\/wp-content\/uploads\/2025\/07\/Kvarnbyn-webb-1994.jpg&#039;)\">\n\n\t\t\t\n\t\t\t\t\t<\/div>\n\t\t\t\t\t\t\t\t<\/div>\n\t\t\t\t\t\t\t\t\t\t\t<div class=\"swiper-slide\" role=\"group\" aria-roledescription=\"slide\">\n\t\t\t\t\t\t\t\t\t<div class=\"elementor-carousel-image\" role=\"img\" aria-label=\"Kvarnbyn webb-2000\" style=\"background-image: url(&#039;https:\/\/ormanas.se\/wp-content\/uploads\/2025\/07\/Kvarnbyn-webb-2000.jpg&#039;)\">\n\n\t\t\t\n\t\t\t\t\t<\/div>\n\t\t\t\t\t\t\t\t<\/div>\n\t\t\t\t\t\t\t\t\t\t\t<div class=\"swiper-slide\" role=\"group\" aria-roledescription=\"slide\">\n\t\t\t\t\t\t\t\t\t<div class=\"elementor-carousel-image\" role=\"img\" aria-label=\"Kvarnbyn webb-2009\" style=\"background-image: url(&#039;https:\/\/ormanas.se\/wp-content\/uploads\/2025\/07\/Kvarnbyn-webb-2009.jpg&#039;)\">\n\n\t\t\t\n\t\t\t\t\t<\/div>\n\t\t\t\t\t\t\t\t<\/div>\n\t\t\t\t\t\t\t\t\t\t\t<div class=\"swiper-slide\" role=\"group\" aria-roledescription=\"slide\">\n\t\t\t\t\t\t\t\t\t<div class=\"elementor-carousel-image\" role=\"img\" aria-label=\"Kvarnbyn webb-1923\" style=\"background-image: url(&#039;https:\/\/ormanas.se\/wp-content\/uploads\/2025\/07\/Kvarnbyn-webb-1923.jpg&#039;)\">\n\n\t\t\t\n\t\t\t\t\t<\/div>\n\t\t\t\t\t\t\t\t<\/div>\n\t\t\t\t\t\t\t\t\t\t\t<div class=\"swiper-slide\" role=\"group\" aria-roledescription=\"slide\">\n\t\t\t\t\t\t\t\t\t<div class=\"elementor-carousel-image\" role=\"img\" aria-label=\"Kvarnbyn webb-1941\" style=\"background-image: url(&#039;https:\/\/ormanas.se\/wp-content\/uploads\/2025\/07\/Kvarnbyn-webb-1941.jpg&#039;)\">\n\n\t\t\t\n\t\t\t\t\t<\/div>\n\t\t\t\t\t\t\t\t<\/div>\n\t\t\t\t\t\t\t\t\t\t\t<div class=\"swiper-slide\" role=\"group\" aria-roledescription=\"slide\">\n\t\t\t\t\t\t\t\t\t<div class=\"elementor-carousel-image\" role=\"img\" aria-label=\"Kvarnbyn webb-1958\" style=\"background-image: url(&#039;https:\/\/ormanas.se\/wp-content\/uploads\/2025\/07\/Kvarnbyn-webb-1958.jpg&#039;)\">\n\n\t\t\t\n\t\t\t\t\t<\/div>\n\t\t\t\t\t\t\t\t<\/div>\n\t\t\t\t\t\t\t\t\t\t\t<div class=\"swiper-slide\" role=\"group\" aria-roledescription=\"slide\">\n\t\t\t\t\t\t\t\t\t<div class=\"elementor-carousel-image\" role=\"img\" aria-label=\"Kvarnbyn webb-1961\" style=\"background-image: url(&#039;https:\/\/ormanas.se\/wp-content\/uploads\/2025\/07\/Kvarnbyn-webb-1961.jpg&#039;)\">\n\n\t\t\t\n\t\t\t\t\t<\/div>\n\t\t\t\t\t\t\t\t<\/div>\n\t\t\t\t\t\t\t\t\t\t\t<div class=\"swiper-slide\" role=\"group\" aria-roledescription=\"slide\">\n\t\t\t\t\t\t\t\t\t<div class=\"elementor-carousel-image\" role=\"img\" aria-label=\"Kvarnbyn webb-2002\" style=\"background-image: url(&#039;https:\/\/ormanas.se\/wp-content\/uploads\/2025\/07\/Kvarnbyn-webb-2002.jpg&#039;)\">\n\n\t\t\t\n\t\t\t\t\t<\/div>\n\t\t\t\t\t\t\t\t<\/div>\n\t\t\t\t\t\t\t\t\t\t\t<div class=\"swiper-slide\" role=\"group\" aria-roledescription=\"slide\">\n\t\t\t\t\t\t\t\t\t<div class=\"elementor-carousel-image\" role=\"img\" aria-label=\"Kvarnbyn webb-1979\" style=\"background-image: url(&#039;https:\/\/ormanas.se\/wp-content\/uploads\/2025\/07\/Kvarnbyn-webb-1979.jpg&#039;)\">\n\n\t\t\t\n\t\t\t\t\t<\/div>\n\t\t\t\t\t\t\t\t<\/div>\n\t\t\t\t\t\t\t\t\t\t\t<div class=\"swiper-slide\" role=\"group\" aria-roledescription=\"slide\">\n\t\t\t\t\t\t\t\t\t<div class=\"elementor-carousel-image\" role=\"img\" aria-label=\"Kvarnbyn webb-2015\" style=\"background-image: url(&#039;https:\/\/ormanas.se\/wp-content\/uploads\/2025\/07\/Kvarnbyn-webb-2015.jpg&#039;)\">\n\n\t\t\t\n\t\t\t\t\t<\/div>\n\t\t\t\t\t\t\t\t<\/div>\n\t\t\t\t\t\t\t\t\t\t\t<div class=\"swiper-slide\" role=\"group\" aria-roledescription=\"slide\">\n\t\t\t\t\t\t\t\t\t<div class=\"elementor-carousel-image\" role=\"img\" aria-label=\"Kvarnbyn webb-1990\" style=\"background-image: url(&#039;https:\/\/ormanas.se\/wp-content\/uploads\/2025\/07\/Kvarnbyn-webb-1990.jpg&#039;)\">\n\n\t\t\t\n\t\t\t\t\t<\/div>\n\t\t\t\t\t\t\t\t<\/div>\n\t\t\t\t\t\t\t\t\t\t\t<div class=\"swiper-slide\" role=\"group\" aria-roledescription=\"slide\">\n\t\t\t\t\t\t\t\t\t<div class=\"elementor-carousel-image\" role=\"img\" aria-label=\"Kvarnbyn webb-1971\" style=\"background-image: url(&#039;https:\/\/ormanas.se\/wp-content\/uploads\/2025\/07\/Kvarnbyn-webb-1971.jpg&#039;)\">\n\n\t\t\t\n\t\t\t\t\t<\/div>\n\t\t\t\t\t\t\t\t<\/div>\n\t\t\t\t\t\t\t\t\t\t\t<div class=\"swiper-slide\" role=\"group\" aria-roledescription=\"slide\">\n\t\t\t\t\t\t\t\t\t<div class=\"elementor-carousel-image\" role=\"img\" aria-label=\"Kvarnbyn webb-1897\" style=\"background-image: url(&#039;https:\/\/ormanas.se\/wp-content\/uploads\/2025\/07\/Kvarnbyn-webb-1897.jpg&#039;)\">\n\n\t\t\t\n\t\t\t\t\t<\/div>\n\t\t\t\t\t\t\t\t<\/div>\n\t\t\t\t\t\t\t\t\t\t\t<div class=\"swiper-slide\" role=\"group\" aria-roledescription=\"slide\">\n\t\t\t\t\t\t\t\t\t<div class=\"elementor-carousel-image\" role=\"img\" aria-label=\"Kvarnbyn webb-2036\" style=\"background-image: url(&#039;https:\/\/ormanas.se\/wp-content\/uploads\/2025\/07\/Kvarnbyn-webb-2036.jpg&#039;)\">\n\n\t\t\t\n\t\t\t\t\t<\/div>\n\t\t\t\t\t\t\t\t<\/div>\n\t\t\t\t\t\t\t\t\t\t\t<div class=\"swiper-slide\" role=\"group\" aria-roledescription=\"slide\">\n\t\t\t\t\t\t\t\t\t<div class=\"elementor-carousel-image\" role=\"img\" aria-label=\"Kvarnbyn webb-2045\" style=\"background-image: url(&#039;https:\/\/ormanas.se\/wp-content\/uploads\/2025\/07\/Kvarnbyn-webb-2045.jpg&#039;)\">\n\n\t\t\t\n\t\t\t\t\t<\/div>\n\t\t\t\t\t\t\t\t<\/div>\n\t\t\t\t\t\t\t\t\t\t\t<div class=\"swiper-slide\" role=\"group\" aria-roledescription=\"slide\">\n\t\t\t\t\t\t\t\t\t<div class=\"elementor-carousel-image\" role=\"img\" aria-label=\"Kvarnbyn webb-2017\" style=\"background-image: url(&#039;https:\/\/ormanas.se\/wp-content\/uploads\/2025\/07\/Kvarnbyn-webb-2017.jpg&#039;)\">\n\n\t\t\t\n\t\t\t\t\t<\/div>\n\t\t\t\t\t\t\t\t<\/div>\n\t\t\t\t\t\t\t\t\t\t\t<div class=\"swiper-slide\" role=\"group\" aria-roledescription=\"slide\">\n\t\t\t\t\t\t\t\t\t<div class=\"elementor-carousel-image\" role=\"img\" aria-label=\"Kvarnbyn webb-2023\" style=\"background-image: url(&#039;https:\/\/ormanas.se\/wp-content\/uploads\/2025\/07\/Kvarnbyn-webb-2023.jpg&#039;)\">\n\n\t\t\t\n\t\t\t\t\t<\/div>\n\t\t\t\t\t\t\t\t<\/div>\n\t\t\t\t\t\t\t\t\t<\/div>\n\t\t\t\t\t\t\t\t\t\t\t\t\t\t\t<div class=\"elementor-swiper-button elementor-swiper-button-prev\" role=\"button\" tabindex=\"0\" aria-label=\"Previous\">\n\t\t\t\t\t\t\t<svg aria-hidden=\"true\" class=\"e-font-icon-svg e-eicon-chevron-left\" viewBox=\"0 0 1000 1000\" xmlns=\"http:\/\/www.w3.org\/2000\/svg\"><path d=\"M646 125C629 125 613 133 604 142L308 442C296 454 292 471 292 487 292 504 296 521 308 533L604 854C617 867 629 875 646 875 663 875 679 871 692 858 704 846 713 829 713 812 713 796 708 779 692 767L438 487 692 225C700 217 708 204 708 187 708 171 704 154 692 142 675 129 663 125 646 125Z\"><\/path><\/svg>\t\t\t\t\t\t<\/div>\n\t\t\t\t\t\t<div class=\"elementor-swiper-button elementor-swiper-button-next\" role=\"button\" tabindex=\"0\" aria-label=\"Next\">\n\t\t\t\t\t\t\t<svg aria-hidden=\"true\" class=\"e-font-icon-svg e-eicon-chevron-right\" viewBox=\"0 0 1000 1000\" xmlns=\"http:\/\/www.w3.org\/2000\/svg\"><path d=\"M696 533C708 521 713 504 713 487 713 471 708 454 696 446L400 146C388 133 375 125 354 125 338 125 325 129 313 142 300 154 292 171 292 187 292 204 296 221 308 233L563 492 304 771C292 783 288 800 288 817 288 833 296 850 308 863 321 871 338 875 354 875 371 875 388 867 400 854L696 533Z\"><\/path><\/svg>\t\t\t\t\t\t<\/div>\n\t\t\t\t\t\t\t\t\t\t\t\t\t\t\t\t\t<\/div>\n\t\t\t\t<\/div>\n\t\t\t\t\t\t\t\t<\/div>\n\t\t\t\t<\/div>\n\t\t\t\t<\/div>\n\t\t\t\t<\/div>\n\t\t\t\t<\/div>\n\t\t","protected":false},"excerpt":{"rendered":"<p>Welcome to Kvarnbyn at Orman\u00e4sg\u00e5rden! Newly built cottages with lake views and plenty of space Two of our four planned cottages are now ready &#8211; 40 well-planned square meters with room for six people. Here you live in two separate bedrooms with comfortable beds, an open living room with sofa bed, kitchen and dining area [&hellip;]<\/p>\n","protected":false},"author":8,"featured_media":0,"parent":0,"menu_order":0,"comment_status":"closed","ping_status":"closed","template":"","meta":{"footnotes":""},"class_list":["post-1856","page","type-page","status-publish","hentry"],"yoast_head":"<!-- This site is optimized with the Yoast SEO plugin v27.5 - https:\/\/yoast.com\/product\/yoast-seo-wordpress\/ -->\n<title>The mill village - Orman\u00e4s<\/title>\n<meta name=\"robots\" content=\"index, follow, max-snippet:-1, max-image-preview:large, max-video-preview:-1\" \/>\n<link rel=\"canonical\" href=\"https:\/\/ormanas.se\/en\/the-mill-village\/\" \/>\n<meta property=\"og:locale\" content=\"en_US\" \/>\n<meta property=\"og:type\" content=\"article\" \/>\n<meta property=\"og:title\" content=\"The mill village - Orman\u00e4s\" \/>\n<meta property=\"og:description\" content=\"Welcome to Kvarnbyn at Orman\u00e4sg\u00e5rden! Newly built cottages with lake views and plenty of space Two of our four planned cottages are now ready &#8211; 40 well-planned square meters with room for six people. Here you live in two separate bedrooms with comfortable beds, an open living room with sofa bed, kitchen and dining area [&hellip;]\" \/>\n<meta property=\"og:url\" content=\"https:\/\/ormanas.se\/en\/the-mill-village\/\" \/>\n<meta property=\"og:site_name\" content=\"Orman\u00e4s\" \/>\n<meta property=\"article:publisher\" content=\"https:\/\/www.facebook.com\/profile.php?id=100041448987088\" \/>\n<meta property=\"article:modified_time\" content=\"2025-07-10T06:38:58+00:00\" \/>\n<meta property=\"og:image\" content=\"https:\/\/ormanas.se\/wp-content\/uploads\/2026\/04\/ormanas-meta.jpg\" \/>\n\t<meta property=\"og:image:width\" content=\"1200\" \/>\n\t<meta property=\"og:image:height\" content=\"630\" \/>\n\t<meta property=\"og:image:type\" content=\"image\/jpeg\" \/>\n<meta name=\"twitter:card\" content=\"summary_large_image\" \/>\n<meta name=\"twitter:label1\" content=\"Est. reading time\" \/>\n\t<meta name=\"twitter:data1\" content=\"1 minute\" \/>\n<script type=\"application\/ld+json\" class=\"yoast-schema-graph\">{\"@context\":\"https:\\\/\\\/schema.org\",\"@graph\":[{\"@type\":\"WebPage\",\"@id\":\"https:\\\/\\\/ormanas.se\\\/en\\\/the-mill-village\\\/\",\"url\":\"https:\\\/\\\/ormanas.se\\\/en\\\/the-mill-village\\\/\",\"name\":\"The mill village - Orman\u00e4s\",\"isPartOf\":{\"@id\":\"https:\\\/\\\/ormanas.se\\\/en\\\/#website\"},\"datePublished\":\"2025-07-09T08:32:06+00:00\",\"dateModified\":\"2025-07-10T06:38:58+00:00\",\"breadcrumb\":{\"@id\":\"https:\\\/\\\/ormanas.se\\\/en\\\/the-mill-village\\\/#breadcrumb\"},\"inLanguage\":\"en-US\",\"potentialAction\":[{\"@type\":\"ReadAction\",\"target\":[\"https:\\\/\\\/ormanas.se\\\/en\\\/the-mill-village\\\/\"]}]},{\"@type\":\"BreadcrumbList\",\"@id\":\"https:\\\/\\\/ormanas.se\\\/en\\\/the-mill-village\\\/#breadcrumb\",\"itemListElement\":[{\"@type\":\"ListItem\",\"position\":1,\"name\":\"Home\",\"item\":\"https:\\\/\\\/ormanas.se\\\/en\\\/\"},{\"@type\":\"ListItem\",\"position\":2,\"name\":\"The mill village\"}]},{\"@type\":\"WebSite\",\"@id\":\"https:\\\/\\\/ormanas.se\\\/en\\\/#website\",\"url\":\"https:\\\/\\\/ormanas.se\\\/en\\\/\",\"name\":\"Orman\u00e4s\",\"description\":\"\",\"publisher\":{\"@id\":\"https:\\\/\\\/ormanas.se\\\/en\\\/#organization\"},\"potentialAction\":[{\"@type\":\"SearchAction\",\"target\":{\"@type\":\"EntryPoint\",\"urlTemplate\":\"https:\\\/\\\/ormanas.se\\\/en\\\/?s={search_term_string}\"},\"query-input\":{\"@type\":\"PropertyValueSpecification\",\"valueRequired\":true,\"valueName\":\"search_term_string\"}}],\"inLanguage\":\"en-US\"},{\"@type\":\"Organization\",\"@id\":\"https:\\\/\\\/ormanas.se\\\/en\\\/#organization\",\"name\":\"Orman\u00e4s Stugby\",\"url\":\"https:\\\/\\\/ormanas.se\\\/en\\\/\",\"logo\":{\"@type\":\"ImageObject\",\"inLanguage\":\"en-US\",\"@id\":\"https:\\\/\\\/ormanas.se\\\/en\\\/#\\\/schema\\\/logo\\\/image\\\/\",\"url\":\"https:\\\/\\\/ormanas.se\\\/wp-content\\\/uploads\\\/2026\\\/04\\\/Ormanas-stugby.jpg\",\"contentUrl\":\"https:\\\/\\\/ormanas.se\\\/wp-content\\\/uploads\\\/2026\\\/04\\\/Ormanas-stugby.jpg\",\"width\":1153,\"height\":227,\"caption\":\"Orman\u00e4s Stugby\"},\"image\":{\"@id\":\"https:\\\/\\\/ormanas.se\\\/en\\\/#\\\/schema\\\/logo\\\/image\\\/\"},\"sameAs\":[\"https:\\\/\\\/www.facebook.com\\\/profile.php?id=100041448987088\",\"https:\\\/\\\/www.instagram.com\\\/ormanasstugby\\\/\"]}]}<\/script>\n<!-- \/ Yoast SEO plugin. -->","yoast_head_json":{"title":"The mill village - Orman\u00e4s","robots":{"index":"index","follow":"follow","max-snippet":"max-snippet:-1","max-image-preview":"max-image-preview:large","max-video-preview":"max-video-preview:-1"},"canonical":"https:\/\/ormanas.se\/en\/the-mill-village\/","og_locale":"en_US","og_type":"article","og_title":"The mill village - Orman\u00e4s","og_description":"Welcome to Kvarnbyn at Orman\u00e4sg\u00e5rden! Newly built cottages with lake views and plenty of space Two of our four planned cottages are now ready &#8211; 40 well-planned square meters with room for six people. Here you live in two separate bedrooms with comfortable beds, an open living room with sofa bed, kitchen and dining area [&hellip;]","og_url":"https:\/\/ormanas.se\/en\/the-mill-village\/","og_site_name":"Orman\u00e4s","article_publisher":"https:\/\/www.facebook.com\/profile.php?id=100041448987088","article_modified_time":"2025-07-10T06:38:58+00:00","og_image":[{"width":1200,"height":630,"url":"https:\/\/ormanas.se\/wp-content\/uploads\/2026\/04\/ormanas-meta.jpg","type":"image\/jpeg"}],"twitter_card":"summary_large_image","twitter_misc":{"Est. reading time":"1 minute"},"schema":{"@context":"https:\/\/schema.org","@graph":[{"@type":"WebPage","@id":"https:\/\/ormanas.se\/en\/the-mill-village\/","url":"https:\/\/ormanas.se\/en\/the-mill-village\/","name":"The mill village - Orman\u00e4s","isPartOf":{"@id":"https:\/\/ormanas.se\/en\/#website"},"datePublished":"2025-07-09T08:32:06+00:00","dateModified":"2025-07-10T06:38:58+00:00","breadcrumb":{"@id":"https:\/\/ormanas.se\/en\/the-mill-village\/#breadcrumb"},"inLanguage":"en-US","potentialAction":[{"@type":"ReadAction","target":["https:\/\/ormanas.se\/en\/the-mill-village\/"]}]},{"@type":"BreadcrumbList","@id":"https:\/\/ormanas.se\/en\/the-mill-village\/#breadcrumb","itemListElement":[{"@type":"ListItem","position":1,"name":"Home","item":"https:\/\/ormanas.se\/en\/"},{"@type":"ListItem","position":2,"name":"The mill village"}]},{"@type":"WebSite","@id":"https:\/\/ormanas.se\/en\/#website","url":"https:\/\/ormanas.se\/en\/","name":"Orman\u00e4s","description":"","publisher":{"@id":"https:\/\/ormanas.se\/en\/#organization"},"potentialAction":[{"@type":"SearchAction","target":{"@type":"EntryPoint","urlTemplate":"https:\/\/ormanas.se\/en\/?s={search_term_string}"},"query-input":{"@type":"PropertyValueSpecification","valueRequired":true,"valueName":"search_term_string"}}],"inLanguage":"en-US"},{"@type":"Organization","@id":"https:\/\/ormanas.se\/en\/#organization","name":"Orman\u00e4s Stugby","url":"https:\/\/ormanas.se\/en\/","logo":{"@type":"ImageObject","inLanguage":"en-US","@id":"https:\/\/ormanas.se\/en\/#\/schema\/logo\/image\/","url":"https:\/\/ormanas.se\/wp-content\/uploads\/2026\/04\/Ormanas-stugby.jpg","contentUrl":"https:\/\/ormanas.se\/wp-content\/uploads\/2026\/04\/Ormanas-stugby.jpg","width":1153,"height":227,"caption":"Orman\u00e4s Stugby"},"image":{"@id":"https:\/\/ormanas.se\/en\/#\/schema\/logo\/image\/"},"sameAs":["https:\/\/www.facebook.com\/profile.php?id=100041448987088","https:\/\/www.instagram.com\/ormanasstugby\/"]}]}},"_links":{"self":[{"href":"https:\/\/ormanas.se\/en\/wp-json\/wp\/v2\/pages\/1856","targetHints":{"allow":["GET"]}}],"collection":[{"href":"https:\/\/ormanas.se\/en\/wp-json\/wp\/v2\/pages"}],"about":[{"href":"https:\/\/ormanas.se\/en\/wp-json\/wp\/v2\/types\/page"}],"author":[{"embeddable":true,"href":"https:\/\/ormanas.se\/en\/wp-json\/wp\/v2\/users\/8"}],"replies":[{"embeddable":true,"href":"https:\/\/ormanas.se\/en\/wp-json\/wp\/v2\/comments?post=1856"}],"version-history":[{"count":0,"href":"https:\/\/ormanas.se\/en\/wp-json\/wp\/v2\/pages\/1856\/revisions"}],"wp:attachment":[{"href":"https:\/\/ormanas.se\/en\/wp-json\/wp\/v2\/media?parent=1856"}],"curies":[{"name":"wp","href":"https:\/\/api.w.org\/{rel}","templated":true}]}}