{"id":1544,"date":"2024-10-07T14:23:57","date_gmt":"2024-10-07T12:23:57","guid":{"rendered":"https:\/\/ormanasgarden.se\/about-us\/"},"modified":"2025-11-09T20:09:38","modified_gmt":"2025-11-09T19:09:38","slug":"about-us","status":"publish","type":"page","link":"https:\/\/ormanas.se\/en\/about-us\/","title":{"rendered":"About us"},"content":{"rendered":"\t\t<div data-elementor-type=\"wp-page\" data-elementor-id=\"1544\" class=\"elementor elementor-1544\" data-elementor-post-type=\"page\">\n\t\t\t\t<div class=\"elementor-element elementor-element-2e92de97 e-con-full e-flex e-con e-parent\" data-id=\"2e92de97\" data-element_type=\"container\" data-e-type=\"container\">\n\t\t<div class=\"elementor-element elementor-element-c40b153 e-con-full e-flex e-con e-child\" data-id=\"c40b153\" data-element_type=\"container\" data-e-type=\"container\" data-settings=\"{&quot;background_background&quot;:&quot;classic&quot;}\">\n\t\t\t\t<\/div>\n\t\t<div class=\"elementor-element elementor-element-77791b8e e-con-full e-flex e-con e-child\" data-id=\"77791b8e\" data-element_type=\"container\" data-e-type=\"container\">\n\t\t<div class=\"elementor-element elementor-element-58346fb6 e-con-full e-flex e-con e-child\" data-id=\"58346fb6\" data-element_type=\"container\" data-e-type=\"container\">\n\t\t\t\t<div class=\"elementor-element elementor-element-7f9cffd3 elementor-widget elementor-widget-heading\" data-id=\"7f9cffd3\" data-element_type=\"widget\" data-e-type=\"widget\" data-widget_type=\"heading.default\">\n\t\t\t\t<div class=\"elementor-widget-container\">\n\t\t\t\t\t<h2 class=\"elementor-heading-title elementor-size-default\">About us<\/h2>\t\t\t\t<\/div>\n\t\t\t\t<\/div>\n\t\t\t\t<div class=\"elementor-element elementor-element-637ff4b6 elementor-widget__width-initial elementor-widget elementor-widget-text-editor\" data-id=\"637ff4b6\" data-element_type=\"widget\" data-e-type=\"widget\" data-widget_type=\"text-editor.default\">\n\t\t\t\t<div class=\"elementor-widget-container\">\n\t\t\t\t\t\t\t\t\t<p data-start=\"116\" data-end=\"453\">Orman\u00e4s Stugby has a long and heartfelt history that dates back to the mid-1900s, when the area served as a small holiday village for employees of Malm\u00f6 Sp\u00e5rv\u00e4gar, the city\u2019s tram company. Here, nestled between forest and lake, simple cabins were built as a place for rest, community and carefree days \u2013 far from the noise of the city.<\/p><p data-start=\"460\" data-end=\"739\">Today, Orman\u00e4s Stugby is run by \u00c5sa and Stefan, who care for the place with warmth and deep respect for its history, while gently guiding it into the future. They preserve what is genuine and close to nature, while at the same time developing the experience for today\u2019s guests.<\/p><p data-start=\"746\" data-end=\"947\">At Orman\u00e4s Stugby, the forest embraces you \u2013 with stillness, presence and a sense that time is allowed to slow down. Here, past and present meet in an environment created for recovery, peace and quiet.<\/p>\t\t\t\t\t\t\t\t<\/div>\n\t\t\t\t<\/div>\n\t\t\t\t<\/div>\n\t\t<div class=\"elementor-element elementor-element-352498b7 e-con-full e-flex e-con e-child\" data-id=\"352498b7\" data-element_type=\"container\" data-e-type=\"container\" data-settings=\"{&quot;background_background&quot;:&quot;classic&quot;}\">\n\t\t\t\t<\/div>\n\t\t\t\t<\/div>\n\t\t<div class=\"elementor-element elementor-element-14a578aa e-con-full e-flex e-con e-child\" data-id=\"14a578aa\" data-element_type=\"container\" data-e-type=\"container\">\n\t\t\t\t<div class=\"elementor-element elementor-element-31019467 elementor-widget__width-initial elementor-skin-carousel elementor-arrows-yes elementor-widget elementor-widget-media-carousel\" data-id=\"31019467\" data-element_type=\"widget\" data-e-type=\"widget\" data-settings=\"{&quot;slides_per_view&quot;:&quot;2&quot;,&quot;space_between&quot;:{&quot;unit&quot;:&quot;px&quot;,&quot;size&quot;:20,&quot;sizes&quot;:[]},&quot;space_between_tablet&quot;:{&quot;unit&quot;:&quot;px&quot;,&quot;size&quot;:15,&quot;sizes&quot;:[]},&quot;skin&quot;:&quot;carousel&quot;,&quot;effect&quot;:&quot;slide&quot;,&quot;show_arrows&quot;:&quot;yes&quot;,&quot;speed&quot;:500,&quot;loop&quot;:&quot;yes&quot;,&quot;space_between_mobile&quot;:{&quot;unit&quot;:&quot;px&quot;,&quot;size&quot;:10,&quot;sizes&quot;:[]}}\" data-widget_type=\"media-carousel.default\">\n\t\t\t\t<div class=\"elementor-widget-container\">\n\t\t\t\t\t\t\t\t\t<div class=\"elementor-swiper\">\n\t\t\t\t\t<div class=\"elementor-main-swiper swiper\" role=\"region\" aria-roledescription=\"carousel\" aria-label=\"Bildspel\">\n\t\t\t\t<div class=\"swiper-wrapper\">\n\t\t\t\t\t\t\t\t\t\t\t<div class=\"swiper-slide\" role=\"group\" aria-roledescription=\"slide\">\n\t\t\t\t\t\t\t\t\t<div class=\"elementor-carousel-image\" role=\"img\" aria-label=\"Ormana\u0308sga\u030arden-8707 (kopia)\" style=\"background-image: url(&#039;https:\/\/ormanas.se\/wp-content\/uploads\/2024\/10\/Ormanasgarden-8707-kopia-1.jpg&#039;)\">\n\n\t\t\t\n\t\t\t\t\t<\/div>\n\t\t\t\t\t\t\t\t<\/div>\n\t\t\t\t\t\t\t\t\t\t\t<div class=\"swiper-slide\" role=\"group\" aria-roledescription=\"slide\">\n\t\t\t\t\t\t\t\t\t<div class=\"elementor-carousel-image\" role=\"img\" aria-label=\"fa\u030aren-8894-2 (1)\" style=\"background-image: url(&#039;https:\/\/ormanas.se\/wp-content\/uploads\/2024\/10\/faren-8894-2-1-scaled.jpg&#039;)\">\n\n\t\t\t\n\t\t\t\t\t<\/div>\n\t\t\t\t\t\t\t\t<\/div>\n\t\t\t\t\t\t\t\t\t\t\t<div class=\"swiper-slide\" role=\"group\" aria-roledescription=\"slide\">\n\t\t\t\t\t\t\t\t\t<div class=\"elementor-carousel-image\" role=\"img\" aria-label=\"hus-8961. (1)\" style=\"background-image: url(&#039;https:\/\/ormanas.se\/wp-content\/uploads\/2024\/10\/hus-8961.-1.jpg&#039;)\">\n\n\t\t\t\n\t\t\t\t\t<\/div>\n\t\t\t\t\t\t\t\t<\/div>\n\t\t\t\t\t\t\t\t\t\t\t<div class=\"swiper-slide\" role=\"group\" aria-roledescription=\"slide\">\n\t\t\t\t\t\t\t\t\t<div class=\"elementor-carousel-image\" role=\"img\" aria-label=\"Ormana\u0308sga\u030arden-8728\" style=\"background-image: url(&#039;https:\/\/ormanas.se\/wp-content\/uploads\/2024\/10\/Ormanasgarden-8728-scaled.jpg&#039;)\">\n\n\t\t\t\n\t\t\t\t\t<\/div>\n\t\t\t\t\t\t\t\t<\/div>\n\t\t\t\t\t\t\t\t\t\t\t<div class=\"swiper-slide\" role=\"group\" aria-roledescription=\"slide\">\n\t\t\t\t\t\t\t\t\t<div class=\"elementor-carousel-image\" role=\"img\" aria-label=\"stugor-9522 (1)\" style=\"background-image: url(&#039;https:\/\/ormanas.se\/wp-content\/uploads\/2024\/10\/stugor-9522-1.jpg&#039;)\">\n\n\t\t\t\n\t\t\t\t\t<\/div>\n\t\t\t\t\t\t\t\t<\/div>\n\t\t\t\t\t\t\t\t\t<\/div>\n\t\t\t\t\t\t\t\t\t\t\t\t\t\t\t<div class=\"elementor-swiper-button elementor-swiper-button-prev\" role=\"button\" tabindex=\"0\" aria-label=\"Previous\">\n\t\t\t\t\t\t\t<svg aria-hidden=\"true\" class=\"e-font-icon-svg e-eicon-chevron-left\" viewBox=\"0 0 1000 1000\" xmlns=\"http:\/\/www.w3.org\/2000\/svg\"><path d=\"M646 125C629 125 613 133 604 142L308 442C296 454 292 471 292 487 292 504 296 521 308 533L604 854C617 867 629 875 646 875 663 875 679 871 692 858 704 846 713 829 713 812 713 796 708 779 692 767L438 487 692 225C700 217 708 204 708 187 708 171 704 154 692 142 675 129 663 125 646 125Z\"><\/path><\/svg>\t\t\t\t\t\t<\/div>\n\t\t\t\t\t\t<div class=\"elementor-swiper-button elementor-swiper-button-next\" role=\"button\" tabindex=\"0\" aria-label=\"Next\">\n\t\t\t\t\t\t\t<svg aria-hidden=\"true\" class=\"e-font-icon-svg e-eicon-chevron-right\" viewBox=\"0 0 1000 1000\" xmlns=\"http:\/\/www.w3.org\/2000\/svg\"><path d=\"M696 533C708 521 713 504 713 487 713 471 708 454 696 446L400 146C388 133 375 125 354 125 338 125 325 129 313 142 300 154 292 171 292 187 292 204 296 221 308 233L563 492 304 771C292 783 288 800 288 817 288 833 296 850 308 863 321 871 338 875 354 875 371 875 388 867 400 854L696 533Z\"><\/path><\/svg>\t\t\t\t\t\t<\/div>\n\t\t\t\t\t\t\t\t\t\t\t\t\t\t\t\t\t<\/div>\n\t\t\t\t<\/div>\n\t\t\t\t\t\t\t\t<\/div>\n\t\t\t\t<\/div>\n\t\t\t\t<\/div>\n\t\t\t\t<\/div>\n\t\t\t\t<\/div>\n\t\t","protected":false},"excerpt":{"rendered":"<p>About us Orman\u00e4s Stugby has a long and heartfelt history that dates back to the mid-1900s, when the area served as a small holiday village for employees of Malm\u00f6 Sp\u00e5rv\u00e4gar, the city\u2019s tram company. Here, nestled between forest and lake, simple cabins were built as a place for rest, community and carefree days \u2013 far [&hellip;]<\/p>\n","protected":false},"author":8,"featured_media":0,"parent":0,"menu_order":0,"comment_status":"closed","ping_status":"closed","template":"","meta":{"footnotes":""},"class_list":["post-1544","page","type-page","status-publish","hentry"],"yoast_head":"<!-- This site is optimized with the Yoast SEO plugin v27.5 - https:\/\/yoast.com\/product\/yoast-seo-wordpress\/ -->\n<title>About us - Orman\u00e4s<\/title>\n<meta name=\"robots\" content=\"index, follow, max-snippet:-1, max-image-preview:large, max-video-preview:-1\" \/>\n<link rel=\"canonical\" href=\"https:\/\/ormanas.se\/en\/about-us\/\" \/>\n<meta property=\"og:locale\" content=\"en_US\" \/>\n<meta property=\"og:type\" content=\"article\" \/>\n<meta property=\"og:title\" content=\"About us - Orman\u00e4s\" \/>\n<meta property=\"og:description\" content=\"About us Orman\u00e4s Stugby has a long and heartfelt history that dates back to the mid-1900s, when the area served as a small holiday village for employees of Malm\u00f6 Sp\u00e5rv\u00e4gar, the city\u2019s tram company. Here, nestled between forest and lake, simple cabins were built as a place for rest, community and carefree days \u2013 far [&hellip;]\" \/>\n<meta property=\"og:url\" content=\"https:\/\/ormanas.se\/en\/about-us\/\" \/>\n<meta property=\"og:site_name\" content=\"Orman\u00e4s\" \/>\n<meta property=\"article:publisher\" content=\"https:\/\/www.facebook.com\/profile.php?id=100041448987088\" \/>\n<meta property=\"article:modified_time\" content=\"2025-11-09T19:09:38+00:00\" \/>\n<meta property=\"og:image\" content=\"https:\/\/ormanas.se\/wp-content\/uploads\/2026\/04\/ormanas-meta.jpg\" \/>\n\t<meta property=\"og:image:width\" content=\"1200\" \/>\n\t<meta property=\"og:image:height\" content=\"630\" \/>\n\t<meta property=\"og:image:type\" content=\"image\/jpeg\" \/>\n<meta name=\"twitter:card\" content=\"summary_large_image\" \/>\n<meta name=\"twitter:label1\" content=\"Est. reading time\" \/>\n\t<meta name=\"twitter:data1\" content=\"1 minute\" \/>\n<script type=\"application\/ld+json\" class=\"yoast-schema-graph\">{\"@context\":\"https:\\\/\\\/schema.org\",\"@graph\":[{\"@type\":\"WebPage\",\"@id\":\"https:\\\/\\\/ormanas.se\\\/en\\\/about-us\\\/\",\"url\":\"https:\\\/\\\/ormanas.se\\\/en\\\/about-us\\\/\",\"name\":\"About us - Orman\u00e4s\",\"isPartOf\":{\"@id\":\"https:\\\/\\\/ormanas.se\\\/en\\\/#website\"},\"datePublished\":\"2024-10-07T12:23:57+00:00\",\"dateModified\":\"2025-11-09T19:09:38+00:00\",\"breadcrumb\":{\"@id\":\"https:\\\/\\\/ormanas.se\\\/en\\\/about-us\\\/#breadcrumb\"},\"inLanguage\":\"en-US\",\"potentialAction\":[{\"@type\":\"ReadAction\",\"target\":[\"https:\\\/\\\/ormanas.se\\\/en\\\/about-us\\\/\"]}]},{\"@type\":\"BreadcrumbList\",\"@id\":\"https:\\\/\\\/ormanas.se\\\/en\\\/about-us\\\/#breadcrumb\",\"itemListElement\":[{\"@type\":\"ListItem\",\"position\":1,\"name\":\"Home\",\"item\":\"https:\\\/\\\/ormanas.se\\\/en\\\/\"},{\"@type\":\"ListItem\",\"position\":2,\"name\":\"About us\"}]},{\"@type\":\"WebSite\",\"@id\":\"https:\\\/\\\/ormanas.se\\\/en\\\/#website\",\"url\":\"https:\\\/\\\/ormanas.se\\\/en\\\/\",\"name\":\"Orman\u00e4s\",\"description\":\"\",\"publisher\":{\"@id\":\"https:\\\/\\\/ormanas.se\\\/en\\\/#organization\"},\"potentialAction\":[{\"@type\":\"SearchAction\",\"target\":{\"@type\":\"EntryPoint\",\"urlTemplate\":\"https:\\\/\\\/ormanas.se\\\/en\\\/?s={search_term_string}\"},\"query-input\":{\"@type\":\"PropertyValueSpecification\",\"valueRequired\":true,\"valueName\":\"search_term_string\"}}],\"inLanguage\":\"en-US\"},{\"@type\":\"Organization\",\"@id\":\"https:\\\/\\\/ormanas.se\\\/en\\\/#organization\",\"name\":\"Orman\u00e4s Stugby\",\"url\":\"https:\\\/\\\/ormanas.se\\\/en\\\/\",\"logo\":{\"@type\":\"ImageObject\",\"inLanguage\":\"en-US\",\"@id\":\"https:\\\/\\\/ormanas.se\\\/en\\\/#\\\/schema\\\/logo\\\/image\\\/\",\"url\":\"https:\\\/\\\/ormanas.se\\\/wp-content\\\/uploads\\\/2026\\\/04\\\/Ormanas-stugby.jpg\",\"contentUrl\":\"https:\\\/\\\/ormanas.se\\\/wp-content\\\/uploads\\\/2026\\\/04\\\/Ormanas-stugby.jpg\",\"width\":1153,\"height\":227,\"caption\":\"Orman\u00e4s Stugby\"},\"image\":{\"@id\":\"https:\\\/\\\/ormanas.se\\\/en\\\/#\\\/schema\\\/logo\\\/image\\\/\"},\"sameAs\":[\"https:\\\/\\\/www.facebook.com\\\/profile.php?id=100041448987088\",\"https:\\\/\\\/www.instagram.com\\\/ormanasstugby\\\/\"]}]}<\/script>\n<!-- \/ Yoast SEO plugin. -->","yoast_head_json":{"title":"About us - Orman\u00e4s","robots":{"index":"index","follow":"follow","max-snippet":"max-snippet:-1","max-image-preview":"max-image-preview:large","max-video-preview":"max-video-preview:-1"},"canonical":"https:\/\/ormanas.se\/en\/about-us\/","og_locale":"en_US","og_type":"article","og_title":"About us - Orman\u00e4s","og_description":"About us Orman\u00e4s Stugby has a long and heartfelt history that dates back to the mid-1900s, when the area served as a small holiday village for employees of Malm\u00f6 Sp\u00e5rv\u00e4gar, the city\u2019s tram company. Here, nestled between forest and lake, simple cabins were built as a place for rest, community and carefree days \u2013 far [&hellip;]","og_url":"https:\/\/ormanas.se\/en\/about-us\/","og_site_name":"Orman\u00e4s","article_publisher":"https:\/\/www.facebook.com\/profile.php?id=100041448987088","article_modified_time":"2025-11-09T19:09:38+00:00","og_image":[{"width":1200,"height":630,"url":"https:\/\/ormanas.se\/wp-content\/uploads\/2026\/04\/ormanas-meta.jpg","type":"image\/jpeg"}],"twitter_card":"summary_large_image","twitter_misc":{"Est. reading time":"1 minute"},"schema":{"@context":"https:\/\/schema.org","@graph":[{"@type":"WebPage","@id":"https:\/\/ormanas.se\/en\/about-us\/","url":"https:\/\/ormanas.se\/en\/about-us\/","name":"About us - Orman\u00e4s","isPartOf":{"@id":"https:\/\/ormanas.se\/en\/#website"},"datePublished":"2024-10-07T12:23:57+00:00","dateModified":"2025-11-09T19:09:38+00:00","breadcrumb":{"@id":"https:\/\/ormanas.se\/en\/about-us\/#breadcrumb"},"inLanguage":"en-US","potentialAction":[{"@type":"ReadAction","target":["https:\/\/ormanas.se\/en\/about-us\/"]}]},{"@type":"BreadcrumbList","@id":"https:\/\/ormanas.se\/en\/about-us\/#breadcrumb","itemListElement":[{"@type":"ListItem","position":1,"name":"Home","item":"https:\/\/ormanas.se\/en\/"},{"@type":"ListItem","position":2,"name":"About us"}]},{"@type":"WebSite","@id":"https:\/\/ormanas.se\/en\/#website","url":"https:\/\/ormanas.se\/en\/","name":"Orman\u00e4s","description":"","publisher":{"@id":"https:\/\/ormanas.se\/en\/#organization"},"potentialAction":[{"@type":"SearchAction","target":{"@type":"EntryPoint","urlTemplate":"https:\/\/ormanas.se\/en\/?s={search_term_string}"},"query-input":{"@type":"PropertyValueSpecification","valueRequired":true,"valueName":"search_term_string"}}],"inLanguage":"en-US"},{"@type":"Organization","@id":"https:\/\/ormanas.se\/en\/#organization","name":"Orman\u00e4s Stugby","url":"https:\/\/ormanas.se\/en\/","logo":{"@type":"ImageObject","inLanguage":"en-US","@id":"https:\/\/ormanas.se\/en\/#\/schema\/logo\/image\/","url":"https:\/\/ormanas.se\/wp-content\/uploads\/2026\/04\/Ormanas-stugby.jpg","contentUrl":"https:\/\/ormanas.se\/wp-content\/uploads\/2026\/04\/Ormanas-stugby.jpg","width":1153,"height":227,"caption":"Orman\u00e4s Stugby"},"image":{"@id":"https:\/\/ormanas.se\/en\/#\/schema\/logo\/image\/"},"sameAs":["https:\/\/www.facebook.com\/profile.php?id=100041448987088","https:\/\/www.instagram.com\/ormanasstugby\/"]}]}},"_links":{"self":[{"href":"https:\/\/ormanas.se\/en\/wp-json\/wp\/v2\/pages\/1544","targetHints":{"allow":["GET"]}}],"collection":[{"href":"https:\/\/ormanas.se\/en\/wp-json\/wp\/v2\/pages"}],"about":[{"href":"https:\/\/ormanas.se\/en\/wp-json\/wp\/v2\/types\/page"}],"author":[{"embeddable":true,"href":"https:\/\/ormanas.se\/en\/wp-json\/wp\/v2\/users\/8"}],"replies":[{"embeddable":true,"href":"https:\/\/ormanas.se\/en\/wp-json\/wp\/v2\/comments?post=1544"}],"version-history":[{"count":0,"href":"https:\/\/ormanas.se\/en\/wp-json\/wp\/v2\/pages\/1544\/revisions"}],"wp:attachment":[{"href":"https:\/\/ormanas.se\/en\/wp-json\/wp\/v2\/media?parent=1544"}],"curies":[{"name":"wp","href":"https:\/\/api.w.org\/{rel}","templated":true}]}}