{"id":1543,"date":"2024-10-07T14:23:38","date_gmt":"2024-10-07T12:23:38","guid":{"rendered":"https:\/\/ormanasgarden.se\/kennel\/"},"modified":"2025-01-16T11:11:58","modified_gmt":"2025-01-16T10:11:58","slug":"kennel","status":"publish","type":"page","link":"https:\/\/ormanas.se\/en\/kennel\/","title":{"rendered":"Kennel"},"content":{"rendered":"\t\t<div data-elementor-type=\"wp-page\" data-elementor-id=\"1543\" class=\"elementor elementor-1543\" data-elementor-post-type=\"page\">\n\t\t\t\t<div class=\"elementor-element elementor-element-7603859c e-con-full e-flex e-con e-parent\" data-id=\"7603859c\" data-element_type=\"container\" data-e-type=\"container\">\n\t\t<div class=\"elementor-element elementor-element-ef4581f e-con-full e-flex e-con e-child\" data-id=\"ef4581f\" data-element_type=\"container\" data-e-type=\"container\" data-settings=\"{&quot;background_background&quot;:&quot;classic&quot;}\">\n\t\t\t\t<\/div>\n\t\t<div class=\"elementor-element elementor-element-320b7ea5 e-con-full e-flex e-con e-child\" data-id=\"320b7ea5\" data-element_type=\"container\" data-e-type=\"container\">\n\t\t<div class=\"elementor-element elementor-element-6df1f637 e-con-full e-flex e-con e-child\" data-id=\"6df1f637\" data-element_type=\"container\" data-e-type=\"container\">\n\t\t\t\t<div class=\"elementor-element elementor-element-f2dc129 elementor-widget elementor-widget-heading\" data-id=\"f2dc129\" data-element_type=\"widget\" data-e-type=\"widget\" data-widget_type=\"heading.default\">\n\t\t\t\t<div class=\"elementor-widget-container\">\n\t\t\t\t\t<h2 class=\"elementor-heading-title elementor-size-default\">Welcome to our kennel<\/h2>\t\t\t\t<\/div>\n\t\t\t\t<\/div>\n\t\t\t\t<div class=\"elementor-element elementor-element-426b5dc8 elementor-widget__width-initial elementor-widget elementor-widget-text-editor\" data-id=\"426b5dc8\" data-element_type=\"widget\" data-e-type=\"widget\" data-widget_type=\"text-editor.default\">\n\t\t\t\t<div class=\"elementor-widget-container\">\n\t\t\t\t\t\t\t\t\t<p>At Orman\u00e4sg\u00e5rden, we share life with our beloved Broholmer dogs. It all started in 2017 when our first Broholmer, Hj\u00f6rdis, moved here. <\/p>\n<p>We have a registered kennel and are a visiting family for the breed in Broholmerf\u00f6reningen Sweden Norway. The Broholmer dogs are not only part of our family, they contribute to the atmosphere of the farm and make every day a little more special. <\/p>\n\t\t\t\t\t\t\t\t<\/div>\n\t\t\t\t<\/div>\n\t\t\t\t<\/div>\n\t\t<div class=\"elementor-element elementor-element-5e56cc9a e-con-full e-flex e-con e-child\" data-id=\"5e56cc9a\" data-element_type=\"container\" data-e-type=\"container\" data-settings=\"{&quot;background_background&quot;:&quot;classic&quot;}\">\n\t\t\t\t<\/div>\n\t\t\t\t<\/div>\n\t\t<div class=\"elementor-element elementor-element-24e3584a e-con-full e-flex e-con e-child\" data-id=\"24e3584a\" data-element_type=\"container\" data-e-type=\"container\">\n\t\t\t\t<div class=\"elementor-element elementor-element-621b7933 elementor-widget__width-initial elementor-skin-carousel elementor-arrows-yes elementor-widget elementor-widget-media-carousel\" data-id=\"621b7933\" data-element_type=\"widget\" data-e-type=\"widget\" data-settings=\"{&quot;slides_per_view&quot;:&quot;2&quot;,&quot;space_between&quot;:{&quot;unit&quot;:&quot;px&quot;,&quot;size&quot;:15,&quot;sizes&quot;:[]},&quot;skin&quot;:&quot;carousel&quot;,&quot;effect&quot;:&quot;slide&quot;,&quot;show_arrows&quot;:&quot;yes&quot;,&quot;speed&quot;:500,&quot;loop&quot;:&quot;yes&quot;,&quot;space_between_tablet&quot;:{&quot;unit&quot;:&quot;px&quot;,&quot;size&quot;:10,&quot;sizes&quot;:[]},&quot;space_between_mobile&quot;:{&quot;unit&quot;:&quot;px&quot;,&quot;size&quot;:10,&quot;sizes&quot;:[]}}\" data-widget_type=\"media-carousel.default\">\n\t\t\t\t<div class=\"elementor-widget-container\">\n\t\t\t\t\t\t\t\t\t<div class=\"elementor-swiper\">\n\t\t\t\t\t<div class=\"elementor-main-swiper swiper\" role=\"region\" aria-roledescription=\"carousel\" aria-label=\"Slides\">\n\t\t\t\t<div class=\"swiper-wrapper\">\n\t\t\t\t\t\t\t\t\t\t\t<div class=\"swiper-slide\" role=\"group\" aria-roledescription=\"slide\">\n\t\t\t\t\t\t\t\t\t<div class=\"elementor-carousel-image\" role=\"img\" aria-label=\"fa\u0308rg-79___serialized1\" style=\"background-image: url(&#039;https:\/\/ormanas.se\/wp-content\/uploads\/2024\/10\/farg-79___serialized1-scaled.jpg&#039;)\">\n\n\t\t\t\n\t\t\t\t\t<\/div>\n\t\t\t\t\t\t\t\t<\/div>\n\t\t\t\t\t\t\t\t\t\t\t<div class=\"swiper-slide\" role=\"group\" aria-roledescription=\"slide\">\n\t\t\t\t\t\t\t\t\t<div class=\"elementor-carousel-image\" role=\"img\" aria-label=\"fa\u0308rg-83\" style=\"background-image: url(&#039;https:\/\/ormanas.se\/wp-content\/uploads\/2024\/10\/farg-83.jpg&#039;)\">\n\n\t\t\t\n\t\t\t\t\t<\/div>\n\t\t\t\t\t\t\t\t<\/div>\n\t\t\t\t\t\t\t\t\t\t\t<div class=\"swiper-slide\" role=\"group\" aria-roledescription=\"slide\">\n\t\t\t\t\t\t\t\t\t<div class=\"elementor-carousel-image\" role=\"img\" aria-label=\"fa\u0308rg-85\" style=\"background-image: url(&#039;https:\/\/ormanas.se\/wp-content\/uploads\/2024\/10\/farg-85.jpg&#039;)\">\n\n\t\t\t\n\t\t\t\t\t<\/div>\n\t\t\t\t\t\t\t\t<\/div>\n\t\t\t\t\t\t\t\t\t\t\t<div class=\"swiper-slide\" role=\"group\" aria-roledescription=\"slide\">\n\t\t\t\t\t\t\t\t\t<div class=\"elementor-carousel-image\" role=\"img\" aria-label=\"fa\u0308rg-84\" style=\"background-image: url(&#039;https:\/\/ormanas.se\/wp-content\/uploads\/2024\/10\/farg-84.jpg&#039;)\">\n\n\t\t\t\n\t\t\t\t\t<\/div>\n\t\t\t\t\t\t\t\t<\/div>\n\t\t\t\t\t\t\t\t\t<\/div>\n\t\t\t\t\t\t\t\t\t\t\t\t\t\t\t<div class=\"elementor-swiper-button elementor-swiper-button-prev\" role=\"button\" tabindex=\"0\" aria-label=\"Previous\">\n\t\t\t\t\t\t\t<svg aria-hidden=\"true\" class=\"e-font-icon-svg e-eicon-chevron-left\" viewBox=\"0 0 1000 1000\" xmlns=\"http:\/\/www.w3.org\/2000\/svg\"><path d=\"M646 125C629 125 613 133 604 142L308 442C296 454 292 471 292 487 292 504 296 521 308 533L604 854C617 867 629 875 646 875 663 875 679 871 692 858 704 846 713 829 713 812 713 796 708 779 692 767L438 487 692 225C700 217 708 204 708 187 708 171 704 154 692 142 675 129 663 125 646 125Z\"><\/path><\/svg>\t\t\t\t\t\t<\/div>\n\t\t\t\t\t\t<div class=\"elementor-swiper-button elementor-swiper-button-next\" role=\"button\" tabindex=\"0\" aria-label=\"Next\">\n\t\t\t\t\t\t\t<svg aria-hidden=\"true\" class=\"e-font-icon-svg e-eicon-chevron-right\" viewBox=\"0 0 1000 1000\" xmlns=\"http:\/\/www.w3.org\/2000\/svg\"><path d=\"M696 533C708 521 713 504 713 487 713 471 708 454 696 446L400 146C388 133 375 125 354 125 338 125 325 129 313 142 300 154 292 171 292 187 292 204 296 221 308 233L563 492 304 771C292 783 288 800 288 817 288 833 296 850 308 863 321 871 338 875 354 875 371 875 388 867 400 854L696 533Z\"><\/path><\/svg>\t\t\t\t\t\t<\/div>\n\t\t\t\t\t\t\t\t\t\t\t\t\t\t\t\t\t<\/div>\n\t\t\t\t<\/div>\n\t\t\t\t\t\t\t\t<\/div>\n\t\t\t\t<\/div>\n\t\t\t\t<\/div>\n\t\t\t\t<\/div>\n\t\t\t\t<\/div>\n\t\t","protected":false},"excerpt":{"rendered":"<p>Welcome to our kennel At Orman\u00e4sg\u00e5rden, we share life with our beloved Broholmer dogs. It all started in 2017 when our first Broholmer, Hj\u00f6rdis, moved here. We have a registered kennel and are a visiting family for the breed in Broholmerf\u00f6reningen Sweden Norway. The Broholmer dogs are not only part of our family, they contribute [&hellip;]<\/p>\n","protected":false},"author":8,"featured_media":0,"parent":0,"menu_order":0,"comment_status":"closed","ping_status":"closed","template":"","meta":{"footnotes":""},"class_list":["post-1543","page","type-page","status-publish","hentry"],"yoast_head":"<!-- This site is optimized with the Yoast SEO plugin v27.5 - https:\/\/yoast.com\/product\/yoast-seo-wordpress\/ -->\n<title>Kennel - Orman\u00e4s<\/title>\n<meta name=\"robots\" content=\"index, follow, max-snippet:-1, max-image-preview:large, max-video-preview:-1\" \/>\n<link rel=\"canonical\" href=\"https:\/\/ormanas.se\/en\/kennel\/\" \/>\n<meta property=\"og:locale\" content=\"en_US\" \/>\n<meta property=\"og:type\" content=\"article\" \/>\n<meta property=\"og:title\" content=\"Kennel - Orman\u00e4s\" \/>\n<meta property=\"og:description\" content=\"Welcome to our kennel At Orman\u00e4sg\u00e5rden, we share life with our beloved Broholmer dogs. It all started in 2017 when our first Broholmer, Hj\u00f6rdis, moved here. We have a registered kennel and are a visiting family for the breed in Broholmerf\u00f6reningen Sweden Norway. The Broholmer dogs are not only part of our family, they contribute [&hellip;]\" \/>\n<meta property=\"og:url\" content=\"https:\/\/ormanas.se\/en\/kennel\/\" \/>\n<meta property=\"og:site_name\" content=\"Orman\u00e4s\" \/>\n<meta property=\"article:publisher\" content=\"https:\/\/www.facebook.com\/profile.php?id=100041448987088\" \/>\n<meta property=\"article:modified_time\" content=\"2025-01-16T10:11:58+00:00\" \/>\n<meta property=\"og:image\" content=\"https:\/\/ormanas.se\/wp-content\/uploads\/2026\/04\/ormanas-meta.jpg\" \/>\n\t<meta property=\"og:image:width\" content=\"1200\" \/>\n\t<meta property=\"og:image:height\" content=\"630\" \/>\n\t<meta property=\"og:image:type\" content=\"image\/jpeg\" \/>\n<meta name=\"twitter:card\" content=\"summary_large_image\" \/>\n<script type=\"application\/ld+json\" class=\"yoast-schema-graph\">{\"@context\":\"https:\\\/\\\/schema.org\",\"@graph\":[{\"@type\":\"WebPage\",\"@id\":\"https:\\\/\\\/ormanas.se\\\/en\\\/kennel\\\/\",\"url\":\"https:\\\/\\\/ormanas.se\\\/en\\\/kennel\\\/\",\"name\":\"Kennel - Orman\u00e4s\",\"isPartOf\":{\"@id\":\"https:\\\/\\\/ormanas.se\\\/en\\\/#website\"},\"datePublished\":\"2024-10-07T12:23:38+00:00\",\"dateModified\":\"2025-01-16T10:11:58+00:00\",\"breadcrumb\":{\"@id\":\"https:\\\/\\\/ormanas.se\\\/en\\\/kennel\\\/#breadcrumb\"},\"inLanguage\":\"en-US\",\"potentialAction\":[{\"@type\":\"ReadAction\",\"target\":[\"https:\\\/\\\/ormanas.se\\\/en\\\/kennel\\\/\"]}]},{\"@type\":\"BreadcrumbList\",\"@id\":\"https:\\\/\\\/ormanas.se\\\/en\\\/kennel\\\/#breadcrumb\",\"itemListElement\":[{\"@type\":\"ListItem\",\"position\":1,\"name\":\"Home\",\"item\":\"https:\\\/\\\/ormanas.se\\\/en\\\/\"},{\"@type\":\"ListItem\",\"position\":2,\"name\":\"Kennel\"}]},{\"@type\":\"WebSite\",\"@id\":\"https:\\\/\\\/ormanas.se\\\/en\\\/#website\",\"url\":\"https:\\\/\\\/ormanas.se\\\/en\\\/\",\"name\":\"Orman\u00e4s\",\"description\":\"\",\"publisher\":{\"@id\":\"https:\\\/\\\/ormanas.se\\\/en\\\/#organization\"},\"potentialAction\":[{\"@type\":\"SearchAction\",\"target\":{\"@type\":\"EntryPoint\",\"urlTemplate\":\"https:\\\/\\\/ormanas.se\\\/en\\\/?s={search_term_string}\"},\"query-input\":{\"@type\":\"PropertyValueSpecification\",\"valueRequired\":true,\"valueName\":\"search_term_string\"}}],\"inLanguage\":\"en-US\"},{\"@type\":\"Organization\",\"@id\":\"https:\\\/\\\/ormanas.se\\\/en\\\/#organization\",\"name\":\"Orman\u00e4s Stugby\",\"url\":\"https:\\\/\\\/ormanas.se\\\/en\\\/\",\"logo\":{\"@type\":\"ImageObject\",\"inLanguage\":\"en-US\",\"@id\":\"https:\\\/\\\/ormanas.se\\\/en\\\/#\\\/schema\\\/logo\\\/image\\\/\",\"url\":\"https:\\\/\\\/ormanas.se\\\/wp-content\\\/uploads\\\/2026\\\/04\\\/Ormanas-stugby.jpg\",\"contentUrl\":\"https:\\\/\\\/ormanas.se\\\/wp-content\\\/uploads\\\/2026\\\/04\\\/Ormanas-stugby.jpg\",\"width\":1153,\"height\":227,\"caption\":\"Orman\u00e4s Stugby\"},\"image\":{\"@id\":\"https:\\\/\\\/ormanas.se\\\/en\\\/#\\\/schema\\\/logo\\\/image\\\/\"},\"sameAs\":[\"https:\\\/\\\/www.facebook.com\\\/profile.php?id=100041448987088\",\"https:\\\/\\\/www.instagram.com\\\/ormanasstugby\\\/\"]}]}<\/script>\n<!-- \/ Yoast SEO plugin. -->","yoast_head_json":{"title":"Kennel - Orman\u00e4s","robots":{"index":"index","follow":"follow","max-snippet":"max-snippet:-1","max-image-preview":"max-image-preview:large","max-video-preview":"max-video-preview:-1"},"canonical":"https:\/\/ormanas.se\/en\/kennel\/","og_locale":"en_US","og_type":"article","og_title":"Kennel - Orman\u00e4s","og_description":"Welcome to our kennel At Orman\u00e4sg\u00e5rden, we share life with our beloved Broholmer dogs. It all started in 2017 when our first Broholmer, Hj\u00f6rdis, moved here. We have a registered kennel and are a visiting family for the breed in Broholmerf\u00f6reningen Sweden Norway. The Broholmer dogs are not only part of our family, they contribute [&hellip;]","og_url":"https:\/\/ormanas.se\/en\/kennel\/","og_site_name":"Orman\u00e4s","article_publisher":"https:\/\/www.facebook.com\/profile.php?id=100041448987088","article_modified_time":"2025-01-16T10:11:58+00:00","og_image":[{"width":1200,"height":630,"url":"https:\/\/ormanas.se\/wp-content\/uploads\/2026\/04\/ormanas-meta.jpg","type":"image\/jpeg"}],"twitter_card":"summary_large_image","schema":{"@context":"https:\/\/schema.org","@graph":[{"@type":"WebPage","@id":"https:\/\/ormanas.se\/en\/kennel\/","url":"https:\/\/ormanas.se\/en\/kennel\/","name":"Kennel - Orman\u00e4s","isPartOf":{"@id":"https:\/\/ormanas.se\/en\/#website"},"datePublished":"2024-10-07T12:23:38+00:00","dateModified":"2025-01-16T10:11:58+00:00","breadcrumb":{"@id":"https:\/\/ormanas.se\/en\/kennel\/#breadcrumb"},"inLanguage":"en-US","potentialAction":[{"@type":"ReadAction","target":["https:\/\/ormanas.se\/en\/kennel\/"]}]},{"@type":"BreadcrumbList","@id":"https:\/\/ormanas.se\/en\/kennel\/#breadcrumb","itemListElement":[{"@type":"ListItem","position":1,"name":"Home","item":"https:\/\/ormanas.se\/en\/"},{"@type":"ListItem","position":2,"name":"Kennel"}]},{"@type":"WebSite","@id":"https:\/\/ormanas.se\/en\/#website","url":"https:\/\/ormanas.se\/en\/","name":"Orman\u00e4s","description":"","publisher":{"@id":"https:\/\/ormanas.se\/en\/#organization"},"potentialAction":[{"@type":"SearchAction","target":{"@type":"EntryPoint","urlTemplate":"https:\/\/ormanas.se\/en\/?s={search_term_string}"},"query-input":{"@type":"PropertyValueSpecification","valueRequired":true,"valueName":"search_term_string"}}],"inLanguage":"en-US"},{"@type":"Organization","@id":"https:\/\/ormanas.se\/en\/#organization","name":"Orman\u00e4s Stugby","url":"https:\/\/ormanas.se\/en\/","logo":{"@type":"ImageObject","inLanguage":"en-US","@id":"https:\/\/ormanas.se\/en\/#\/schema\/logo\/image\/","url":"https:\/\/ormanas.se\/wp-content\/uploads\/2026\/04\/Ormanas-stugby.jpg","contentUrl":"https:\/\/ormanas.se\/wp-content\/uploads\/2026\/04\/Ormanas-stugby.jpg","width":1153,"height":227,"caption":"Orman\u00e4s Stugby"},"image":{"@id":"https:\/\/ormanas.se\/en\/#\/schema\/logo\/image\/"},"sameAs":["https:\/\/www.facebook.com\/profile.php?id=100041448987088","https:\/\/www.instagram.com\/ormanasstugby\/"]}]}},"_links":{"self":[{"href":"https:\/\/ormanas.se\/en\/wp-json\/wp\/v2\/pages\/1543","targetHints":{"allow":["GET"]}}],"collection":[{"href":"https:\/\/ormanas.se\/en\/wp-json\/wp\/v2\/pages"}],"about":[{"href":"https:\/\/ormanas.se\/en\/wp-json\/wp\/v2\/types\/page"}],"author":[{"embeddable":true,"href":"https:\/\/ormanas.se\/en\/wp-json\/wp\/v2\/users\/8"}],"replies":[{"embeddable":true,"href":"https:\/\/ormanas.se\/en\/wp-json\/wp\/v2\/comments?post=1543"}],"version-history":[{"count":0,"href":"https:\/\/ormanas.se\/en\/wp-json\/wp\/v2\/pages\/1543\/revisions"}],"wp:attachment":[{"href":"https:\/\/ormanas.se\/en\/wp-json\/wp\/v2\/media?parent=1543"}],"curies":[{"name":"wp","href":"https:\/\/api.w.org\/{rel}","templated":true}]}}