{"id":1436,"date":"2024-09-18T12:02:05","date_gmt":"2024-09-18T10:02:05","guid":{"rendered":"https:\/\/ormanasgarden.se\/privacy-policy\/"},"modified":"2025-01-16T08:33:39","modified_gmt":"2025-01-16T07:33:39","slug":"privacy-policy","status":"publish","type":"page","link":"https:\/\/ormanas.se\/en\/privacy-policy\/","title":{"rendered":"Privacy policy"},"content":{"rendered":"\t\t<div data-elementor-type=\"wp-page\" data-elementor-id=\"1436\" class=\"elementor elementor-1436\" data-elementor-post-type=\"page\">\n\t\t\t\t<div class=\"elementor-element elementor-element-1cdb25f1 e-flex e-con-boxed e-con e-parent\" data-id=\"1cdb25f1\" data-element_type=\"container\" data-e-type=\"container\">\n\t\t\t\t\t<div class=\"e-con-inner\">\n\t\t<div class=\"elementor-element elementor-element-aa6ca62 e-con-full e-flex e-con e-child\" data-id=\"aa6ca62\" data-element_type=\"container\" data-e-type=\"container\">\n\t\t\t\t<div class=\"elementor-element elementor-element-adcba74 elementor-widget elementor-widget-heading\" data-id=\"adcba74\" data-element_type=\"widget\" data-e-type=\"widget\" data-widget_type=\"heading.default\">\n\t\t\t\t<div class=\"elementor-widget-container\">\n\t\t\t\t\t<h1 class=\"elementor-heading-title elementor-size-default\">Privacy policy<\/h1>\t\t\t\t<\/div>\n\t\t\t\t<\/div>\n\t\t\t\t<div class=\"elementor-element elementor-element-5185c4a elementor-widget__width-initial elementor-widget elementor-widget-text-editor\" data-id=\"5185c4a\" data-element_type=\"widget\" data-e-type=\"widget\" data-widget_type=\"text-editor.default\">\n\t\t\t\t<div class=\"elementor-widget-container\">\n\t\t\t\t\t\t\t\t\t<p class=\"p1\">Orman\u00e4sg\u00e5rden is committed to handling and respecting all personal privacy information provided to us. We take responsibility for ensuring that personal data is respected and processed correctly and protected against unauthorized access. Orman\u00e4s processes personal data in accordance with the applicable EU legislation in force as of May 25, 2018.<\/p>\n\n<h3 class=\"p1\">Orman\u00e4sg\u00e5rden&#8217;s processing of personal data<\/h3>\n<p class=\"p1\">Orman\u00e4sg\u00e5rden may use personal data:<\/p>\n\n<ul class=\"ul1\">\n \t<li class=\"li1\">To provide the products and services ordered by the client.<\/li>\n \t<li class=\"li1\">For communication via e-mail, telephone, etc.<\/li>\n \t<li class=\"li1\">For marketing via e-mail, telephone, etc.<\/li>\n<\/ul>\n<h3 class=\"p1\">Security and safety<\/h3>\n<p class=\"p1\">Orman\u00e4sg\u00e5rden takes appropriate technical and organizational security measures to protect personal data from unauthorized access, disclosure and destruction.<\/p>\n\n<h3 class=\"p1\">Deletion or modification of personal data<\/h3>\n<p class=\"p1\">Anyone who holds personal data at Orman\u00e4sg\u00e5rden has the right at any time to request access, make changes or be completely deleted from the database. If you have any questions or comments, please contact Orman\u00e4sg\u00e5rden by e-mail.<\/p>\n\n<h3 class=\"p1\">Contact details<\/h3>\n<p class=\"p1\">Orman\u00e4sg\u00e5rden is the data controller for all processing of personal data that takes place at Orman\u00e4sg\u00e5rden. For further contact please send an e-mail to <a style=\"font-size:15px;\" href=\"mailto:info@ormanasgarden.se\" data-preserve-whitespace=\"true\">info@ormanasgarden.se<\/a> or call <a style=\"font-size:15px;\" href=\"tel:+46%20707144334\" data-preserve-whitespace=\"true\">+46 707144334.<\/a><\/p>\n\n<h3 class=\"p1\">Changes to the policy<\/h3>\n<p class=\"p1\">Orman\u00e4sg\u00e5rden may change its privacy policy to ensure the best and most secure processing of personal data.<\/p>\t\t\t\t\t\t\t\t<\/div>\n\t\t\t\t<\/div>\n\t\t\t\t<\/div>\n\t\t\t\t\t<\/div>\n\t\t\t\t<\/div>\n\t\t\t\t<\/div>\n\t\t","protected":false},"excerpt":{"rendered":"<p>Privacy policy Orman\u00e4sg\u00e5rden is committed to handling and respecting all personal privacy information provided to us. We take responsibility for ensuring that personal data is respected and processed correctly and protected against unauthorized access. Orman\u00e4s processes personal data in accordance with the applicable EU legislation in force as of May 25, 2018. Orman\u00e4sg\u00e5rden&#8217;s processing of [&hellip;]<\/p>\n","protected":false},"author":8,"featured_media":0,"parent":0,"menu_order":0,"comment_status":"closed","ping_status":"closed","template":"","meta":{"footnotes":""},"class_list":["post-1436","page","type-page","status-publish","hentry"],"yoast_head":"<!-- This site is optimized with the Yoast SEO plugin v27.5 - https:\/\/yoast.com\/product\/yoast-seo-wordpress\/ -->\n<title>Privacy policy - Orman\u00e4s<\/title>\n<meta name=\"robots\" content=\"index, follow, max-snippet:-1, max-image-preview:large, max-video-preview:-1\" \/>\n<link rel=\"canonical\" href=\"https:\/\/ormanas.se\/en\/privacy-policy\/\" \/>\n<meta property=\"og:locale\" content=\"en_US\" \/>\n<meta property=\"og:type\" content=\"article\" \/>\n<meta property=\"og:title\" content=\"Privacy policy - Orman\u00e4s\" \/>\n<meta property=\"og:description\" content=\"Privacy policy Orman\u00e4sg\u00e5rden is committed to handling and respecting all personal privacy information provided to us. We take responsibility for ensuring that personal data is respected and processed correctly and protected against unauthorized access. Orman\u00e4s processes personal data in accordance with the applicable EU legislation in force as of May 25, 2018. Orman\u00e4sg\u00e5rden&#8217;s processing of [&hellip;]\" \/>\n<meta property=\"og:url\" content=\"https:\/\/ormanas.se\/en\/privacy-policy\/\" \/>\n<meta property=\"og:site_name\" content=\"Orman\u00e4s\" \/>\n<meta property=\"article:publisher\" content=\"https:\/\/www.facebook.com\/profile.php?id=100041448987088\" \/>\n<meta property=\"article:modified_time\" content=\"2025-01-16T07:33:39+00:00\" \/>\n<meta property=\"og:image\" content=\"https:\/\/ormanas.se\/wp-content\/uploads\/2026\/04\/ormanas-meta.jpg\" \/>\n\t<meta property=\"og:image:width\" content=\"1200\" \/>\n\t<meta property=\"og:image:height\" content=\"630\" \/>\n\t<meta property=\"og:image:type\" content=\"image\/jpeg\" \/>\n<meta name=\"twitter:card\" content=\"summary_large_image\" \/>\n<meta name=\"twitter:label1\" content=\"Est. reading time\" \/>\n\t<meta name=\"twitter:data1\" content=\"1 minute\" \/>\n<script type=\"application\/ld+json\" class=\"yoast-schema-graph\">{\"@context\":\"https:\\\/\\\/schema.org\",\"@graph\":[{\"@type\":\"WebPage\",\"@id\":\"https:\\\/\\\/ormanas.se\\\/en\\\/privacy-policy\\\/\",\"url\":\"https:\\\/\\\/ormanas.se\\\/en\\\/privacy-policy\\\/\",\"name\":\"Privacy policy - Orman\u00e4s\",\"isPartOf\":{\"@id\":\"https:\\\/\\\/ormanas.se\\\/en\\\/#website\"},\"datePublished\":\"2024-09-18T10:02:05+00:00\",\"dateModified\":\"2025-01-16T07:33:39+00:00\",\"breadcrumb\":{\"@id\":\"https:\\\/\\\/ormanas.se\\\/en\\\/privacy-policy\\\/#breadcrumb\"},\"inLanguage\":\"en-US\",\"potentialAction\":[{\"@type\":\"ReadAction\",\"target\":[\"https:\\\/\\\/ormanas.se\\\/en\\\/privacy-policy\\\/\"]}]},{\"@type\":\"BreadcrumbList\",\"@id\":\"https:\\\/\\\/ormanas.se\\\/en\\\/privacy-policy\\\/#breadcrumb\",\"itemListElement\":[{\"@type\":\"ListItem\",\"position\":1,\"name\":\"Home\",\"item\":\"https:\\\/\\\/ormanas.se\\\/en\\\/\"},{\"@type\":\"ListItem\",\"position\":2,\"name\":\"Privacy policy\"}]},{\"@type\":\"WebSite\",\"@id\":\"https:\\\/\\\/ormanas.se\\\/en\\\/#website\",\"url\":\"https:\\\/\\\/ormanas.se\\\/en\\\/\",\"name\":\"Orman\u00e4s\",\"description\":\"\",\"publisher\":{\"@id\":\"https:\\\/\\\/ormanas.se\\\/en\\\/#organization\"},\"potentialAction\":[{\"@type\":\"SearchAction\",\"target\":{\"@type\":\"EntryPoint\",\"urlTemplate\":\"https:\\\/\\\/ormanas.se\\\/en\\\/?s={search_term_string}\"},\"query-input\":{\"@type\":\"PropertyValueSpecification\",\"valueRequired\":true,\"valueName\":\"search_term_string\"}}],\"inLanguage\":\"en-US\"},{\"@type\":\"Organization\",\"@id\":\"https:\\\/\\\/ormanas.se\\\/en\\\/#organization\",\"name\":\"Orman\u00e4s Stugby\",\"url\":\"https:\\\/\\\/ormanas.se\\\/en\\\/\",\"logo\":{\"@type\":\"ImageObject\",\"inLanguage\":\"en-US\",\"@id\":\"https:\\\/\\\/ormanas.se\\\/en\\\/#\\\/schema\\\/logo\\\/image\\\/\",\"url\":\"https:\\\/\\\/ormanas.se\\\/wp-content\\\/uploads\\\/2026\\\/04\\\/Ormanas-stugby.jpg\",\"contentUrl\":\"https:\\\/\\\/ormanas.se\\\/wp-content\\\/uploads\\\/2026\\\/04\\\/Ormanas-stugby.jpg\",\"width\":1153,\"height\":227,\"caption\":\"Orman\u00e4s Stugby\"},\"image\":{\"@id\":\"https:\\\/\\\/ormanas.se\\\/en\\\/#\\\/schema\\\/logo\\\/image\\\/\"},\"sameAs\":[\"https:\\\/\\\/www.facebook.com\\\/profile.php?id=100041448987088\",\"https:\\\/\\\/www.instagram.com\\\/ormanasstugby\\\/\"]}]}<\/script>\n<!-- \/ Yoast SEO plugin. -->","yoast_head_json":{"title":"Privacy policy - Orman\u00e4s","robots":{"index":"index","follow":"follow","max-snippet":"max-snippet:-1","max-image-preview":"max-image-preview:large","max-video-preview":"max-video-preview:-1"},"canonical":"https:\/\/ormanas.se\/en\/privacy-policy\/","og_locale":"en_US","og_type":"article","og_title":"Privacy policy - Orman\u00e4s","og_description":"Privacy policy Orman\u00e4sg\u00e5rden is committed to handling and respecting all personal privacy information provided to us. We take responsibility for ensuring that personal data is respected and processed correctly and protected against unauthorized access. Orman\u00e4s processes personal data in accordance with the applicable EU legislation in force as of May 25, 2018. Orman\u00e4sg\u00e5rden&#8217;s processing of [&hellip;]","og_url":"https:\/\/ormanas.se\/en\/privacy-policy\/","og_site_name":"Orman\u00e4s","article_publisher":"https:\/\/www.facebook.com\/profile.php?id=100041448987088","article_modified_time":"2025-01-16T07:33:39+00:00","og_image":[{"width":1200,"height":630,"url":"https:\/\/ormanas.se\/wp-content\/uploads\/2026\/04\/ormanas-meta.jpg","type":"image\/jpeg"}],"twitter_card":"summary_large_image","twitter_misc":{"Est. reading time":"1 minute"},"schema":{"@context":"https:\/\/schema.org","@graph":[{"@type":"WebPage","@id":"https:\/\/ormanas.se\/en\/privacy-policy\/","url":"https:\/\/ormanas.se\/en\/privacy-policy\/","name":"Privacy policy - Orman\u00e4s","isPartOf":{"@id":"https:\/\/ormanas.se\/en\/#website"},"datePublished":"2024-09-18T10:02:05+00:00","dateModified":"2025-01-16T07:33:39+00:00","breadcrumb":{"@id":"https:\/\/ormanas.se\/en\/privacy-policy\/#breadcrumb"},"inLanguage":"en-US","potentialAction":[{"@type":"ReadAction","target":["https:\/\/ormanas.se\/en\/privacy-policy\/"]}]},{"@type":"BreadcrumbList","@id":"https:\/\/ormanas.se\/en\/privacy-policy\/#breadcrumb","itemListElement":[{"@type":"ListItem","position":1,"name":"Home","item":"https:\/\/ormanas.se\/en\/"},{"@type":"ListItem","position":2,"name":"Privacy policy"}]},{"@type":"WebSite","@id":"https:\/\/ormanas.se\/en\/#website","url":"https:\/\/ormanas.se\/en\/","name":"Orman\u00e4s","description":"","publisher":{"@id":"https:\/\/ormanas.se\/en\/#organization"},"potentialAction":[{"@type":"SearchAction","target":{"@type":"EntryPoint","urlTemplate":"https:\/\/ormanas.se\/en\/?s={search_term_string}"},"query-input":{"@type":"PropertyValueSpecification","valueRequired":true,"valueName":"search_term_string"}}],"inLanguage":"en-US"},{"@type":"Organization","@id":"https:\/\/ormanas.se\/en\/#organization","name":"Orman\u00e4s Stugby","url":"https:\/\/ormanas.se\/en\/","logo":{"@type":"ImageObject","inLanguage":"en-US","@id":"https:\/\/ormanas.se\/en\/#\/schema\/logo\/image\/","url":"https:\/\/ormanas.se\/wp-content\/uploads\/2026\/04\/Ormanas-stugby.jpg","contentUrl":"https:\/\/ormanas.se\/wp-content\/uploads\/2026\/04\/Ormanas-stugby.jpg","width":1153,"height":227,"caption":"Orman\u00e4s Stugby"},"image":{"@id":"https:\/\/ormanas.se\/en\/#\/schema\/logo\/image\/"},"sameAs":["https:\/\/www.facebook.com\/profile.php?id=100041448987088","https:\/\/www.instagram.com\/ormanasstugby\/"]}]}},"_links":{"self":[{"href":"https:\/\/ormanas.se\/en\/wp-json\/wp\/v2\/pages\/1436","targetHints":{"allow":["GET"]}}],"collection":[{"href":"https:\/\/ormanas.se\/en\/wp-json\/wp\/v2\/pages"}],"about":[{"href":"https:\/\/ormanas.se\/en\/wp-json\/wp\/v2\/types\/page"}],"author":[{"embeddable":true,"href":"https:\/\/ormanas.se\/en\/wp-json\/wp\/v2\/users\/8"}],"replies":[{"embeddable":true,"href":"https:\/\/ormanas.se\/en\/wp-json\/wp\/v2\/comments?post=1436"}],"version-history":[{"count":0,"href":"https:\/\/ormanas.se\/en\/wp-json\/wp\/v2\/pages\/1436\/revisions"}],"wp:attachment":[{"href":"https:\/\/ormanas.se\/en\/wp-json\/wp\/v2\/media?parent=1436"}],"curies":[{"name":"wp","href":"https:\/\/api.w.org\/{rel}","templated":true}]}}